{"id":110,"date":"2010-02-15T23:56:52","date_gmt":"2010-02-15T21:56:52","guid":{"rendered":"http:\/\/flash.zoliv.fr\/?page_id=110"},"modified":"2013-11-27T16:16:54","modified_gmt":"2013-11-27T14:16:54","slug":"flash-pour-applications","status":"publish","type":"page","link":"https:\/\/flash.zoliv.fr\/?page_id=110","title":{"rendered":"Flash pour Applications"},"content":{"rendered":"<p>Voici de quoi bosser pour passer des \u00ab\u00a0petits mickeys\u00a0\u00bb \u00e0 des trucs sympas pour faire bosser les \u00e9l\u00e8ves &#8230;<\/p>\n<p>Les docs sur la programmation <strong>en AS1.0 et AS2.0<\/strong> dans Flash :<\/p>\n<p>notions d&rsquo;algo. et autres : <a href=\"http:\/\/flash.zoliv.fr\/wp-content\/uploads\/2010\/02\/20100215_doc_ressource.pdf\">A garder sous le coude &#8230;<\/a><\/p>\n<p>&nbsp;<\/p>\n<p>les petits exos de prise en main : <a href=\"http:\/\/flash.zoliv.fr\/wp-content\/uploads\/2010\/02\/20100215_lecon1.pdf\">le\u00e7on1.pdf<\/a><\/p>\n<p>la suite : <a href=\"http:\/\/flash.zoliv.fr\/wp-content\/uploads\/2010\/02\/20100215_lecon2.pdf\">le\u00e7on2.pdf<\/a><\/p>\n<p>&nbsp;<\/p>\n<p>toutes les sources ( FLA) compress\u00e9es dans un ZIP\u00a0 : <a href=\"http:\/\/flash.zoliv.fr\/wp-content\/uploads\/2010\/02\/20100215_exos_les_flas.zip\">Exos_les_flas.zip<\/a><\/p>\n<p>&nbsp;<\/p>\n<p>tous les fichiers pour voir (SWF) dans un ZIP :\u00a0 <a href=\"http:\/\/flash.zoliv.fr\/wp-content\/uploads\/2010\/02\/20100215_exos_les_swfs.zip\">Exos_les_swfs<\/a><\/p>\n<p>Les docs sur la programmation <strong>en AS3.0<\/strong> dans Flash :<\/p>\n<p>Le memento AS3 propos\u00e9 par D.Tardiveau, alias YAZO,\u00a0 <a href=\"http:\/\/flash.zoliv.fr\/wp-content\/uploads\/2010\/06\/20111104_mementoas3.pdf\">A garder sous le coude &#8230;<\/a> <a href=\"http:\/\/flash.zoliv.fr\/wp-content\/uploads\/2010\/02\/20100215_doc_ressource.pdf\"><br \/>\n<\/a>les petits exos de prise en main de l&rsquo;AS3.0 :\u00a0<a href=\"http:\/\/flash.zoliv.fr\/wp-content\/uploads\/2010\/06\/20111104_mcmw_lecon0_as3.pdf\">D\u00e9couvrir l&rsquo;ActionScript<\/a> , <a href=\"http:\/\/flash.zoliv.fr\/wp-content\/uploads\/2010\/06\/20111104_mcmw_lecon1_as3.pdf\">Contr\u00f4ler la t\u00eate de lecture &#8230;<\/a> et <a href=\"http:\/\/flash.zoliv.fr\/wp-content\/uploads\/2010\/06\/20111104_mcmw_lecon2_as3.pdf\">Techniques \u00e9l\u00e9mentaires &#8230;<\/a><br \/>\nToutes les sources ( FLA) compress\u00e9es dans un ZIP\u00a0 :\u00a0 <a href=\"http:\/\/flash.zoliv.fr\/les_Flas.zip\">les FLAs<\/a><a href=\"http:\/\/flash.zoliv.fr\/wp-content\/uploads\/2010\/02\/20100215_exos_les_flas.zip\"><br \/>\n<\/a>Tous les fichiers pour voir (SWF) dans un ZIP :\u00a0\u00a0<a href=\"http:\/\/flash.zoliv.fr\/les_Swfs.zip\">les SWFs<\/a><\/p>\n<p>Vous vous sentez pr\u00eats ?<\/p>\n<p>Le terrain de foot pour d\u00e9marrer : <a href=\"http:\/\/flash.zoliv.fr\/wp-content\/uploads\/2010\/02\/20100215_tp1.pdf\">Tp1.pdf<\/a> <a href=\"http:\/\/flash.zoliv.fr\/wp-content\/uploads\/2010\/02\/20100215_tp2.pdf\">Tp2.pdf<\/a> <a href=\"http:\/\/flash.zoliv.fr\/wp-content\/uploads\/2010\/02\/20100215_tp3.pdf\">Tp3.pdf<\/a> <a href=\"http:\/\/flash.zoliv.fr\/wp-content\/uploads\/2010\/02\/20100215_tp4.pdf\">Tp4.pdf<\/a> et pour les fatigu\u00e9s de la souris : <a href=\"http:\/\/flash.zoliv.fr\/wp-content\/uploads\/2010\/02\/20100215_terrain.fla\">Le terrain en FLA<\/a><\/p>\n<p>Un petit thermom\u00e8tre ! <a href=\"http:\/\/flash.zoliv.fr\/wp-content\/uploads\/2010\/02\/20100215_tp5.pdf\">Tp5.pdf <\/a>en version AS1 pour s&rsquo;entrainer et en version AS3.0 pour travailler s\u00e9rieusement : <a href=\"http:\/\/flash.zoliv.fr\/wp-content\/uploads\/2010\/02\/20130219_tp_thermoas3.pdf\">tp_thermo_as3<\/a> si vous voulez comparer les versions d&rsquo;AS, un article est diponible \u00e0 ce sujet. Vous y trouverez les versions en AS1.0 , AS2.0 et AS3.0 du thermom\u00e8tre :<a title=\"le thermom\u00e8tre\" href=\"http:\/\/flash.zoliv.fr\/archives\/282\" target=\"_self\"> ici<\/a>.<a href=\"http:\/\/flash.zoliv.fr\/wp-content\/uploads\/2010\/02\/20100215_tp5.pdf\"><br \/>\n<\/a><\/p>\n<p>Le coup de la bascule : <a href=\"http:\/\/flash.zoliv.fr\/wp-content\/uploads\/2010\/02\/20100215_tp_bascule.pdf\">Tp_bascule.pdf <\/a> <a href=\"http:\/\/flash.zoliv.fr\/wp-content\/uploads\/2010\/02\/20100216_bascule00.fla\">Bascule0<\/a>.fla<\/p>\n<p>&nbsp;<\/p>\n<p>&nbsp;<\/p>\n<p>Les pr\u00e9loaders : <a href=\"http:\/\/flash.zoliv.fr\/wp-content\/uploads\/2010\/02\/20100215_tp_preloader.pdf\">Tp_preloader <\/a> le fichier <a title=\"Preloader FLA\" href=\"http:\/\/www.zoliv.fr\/Flash\/Preloader0.fla\">fla<\/a> est ici, le fichier <a title=\"Preloader SWF\" href=\"http:\/\/www.zoliv.fr\/Flash\/Preloader0.swf\" target=\"_blank\">swf<\/a> est l\u00e0, pour la version de d\u00e9part et pour la version 2 : fichier fla <a title=\"Preloader2 FLA\" href=\"http:\/\/www.zoliv.fr\/Flash\/Preloader2.fla\">ici<\/a> et swf <a title=\"Preloader2 SWF\" href=\"http:\/\/www.zoliv.fr\/Flash\/Preloader2.swf\">l\u00e0<\/a> .<\/p>\n<p>&nbsp;<\/p>\n<p>Un petit QCM pour la route ? <a href=\"http:\/\/flash.zoliv.fr\/wp-content\/uploads\/2010\/02\/20100215_tp_qcm.pdf\">Tp_qcm.pdf<\/a> avec son source, \u00e0 compl\u00e9ter :\u00a0 <a href=\"http:\/\/flash.zoliv.fr\/wp-content\/uploads\/2010\/02\/20100215_qcm.fla\">Qcm.fla<\/a><\/p>\n<p>Evidemment, si le QCM fait appel \u00e0 un fichier XML, c&rsquo;est beaucoup plus cool : <a href=\"http:\/\/flash.zoliv.fr\/wp-content\/uploads\/2010\/02\/20110301_tp_qcm_xml_as3.pdf\">tp_qcm_xml_as3.pdf<\/a> avec le FLA qui va bien : <a href=\"http:\/\/flash.zoliv.fr\/wp-content\/uploads\/2010\/02\/20110301_qcm_xml_as3.fla\">qcm_xml_as3.fla<\/a> et le texte du code AS3, pour gagner du temps :<a href=\"http:\/\/flash.zoliv.fr\/wp-content\/uploads\/2010\/02\/20110301_codeas3_qcm_xml.txt\">codeas3_qcm_xml.txt<\/a> et le <a href=\"http:\/\/flash.zoliv.fr\/wp-content\/uploads\/2010\/02\/20120213_questionnaire.xml\">Questionnaire<\/a>. Et pour les trop press\u00e9s, voici la correction : <a href=\"http:\/\/flash.zoliv.fr\/wp-content\/uploads\/2010\/02\/20120213_qcm_xml_as3_fini.fla\">Qcm_xml_as3_fini<\/a><\/p>\n<p>&nbsp;<\/p>\n<p>&nbsp;<\/p>\n<p>Pour avoir une id\u00e9e du r\u00e9sultat final : <a href=\"http:\/\/flash.zoliv.fr\/wp-content\/uploads\/2010\/02\/20110301_qcm_xml_as3_fini.swf\">qcm_xml_as3_fini.swf<\/a><\/p>\n<p>Pour mettre AS3 en musique (ou plut\u00f4t l&rsquo;inverse), un petit TP pour la gestion des sons :\u00a0<a href=\"http:\/\/flash.zoliv.fr\/wp-content\/uploads\/2010\/02\/20130317_tp_lecteurmp3.pdf\">TP_MP3.pdf<\/a> et les \u00e9l\u00e9ments pour le r\u00e9aliser, \u00e0 d\u00e9compresser avant usage\u00a0<a href=\"http:\/\/flash.zoliv.fr\/wp-content\/uploads\/2010\/02\/20130317_tp_mp3.zip\">TP_MP3.zip<\/a> .<\/p>\n<p>Un peu de patience, le trombinoscope sera bient\u00f4t dispo., les photos sont chez le photographe en attente de d\u00e9veloppement&#8230;<\/p>\n","protected":false},"excerpt":{"rendered":"<p>Voici de quoi bosser pour passer des \u00ab\u00a0petits mickeys\u00a0\u00bb \u00e0 des trucs sympas pour faire bosser les \u00e9l\u00e8ves &#8230; Les docs sur la programmation en AS1.0 et AS2.0 dans Flash : notions d&rsquo;algo. et autres : A garder sous le &hellip; <a href=\"https:\/\/flash.zoliv.fr\/?page_id=110\">Continuer la lecture <span class=\"meta-nav\">&rarr;<\/span><\/a><\/p>\n","protected":false},"author":1,"featured_media":0,"parent":0,"menu_order":0,"comment_status":"open","ping_status":"closed","template":"","meta":{"footnotes":""},"class_list":["post-110","page","type-page","status-publish","hentry"],"_links":{"self":[{"href":"https:\/\/flash.zoliv.fr\/index.php?rest_route=\/wp\/v2\/pages\/110","targetHints":{"allow":["GET"]}}],"collection":[{"href":"https:\/\/flash.zoliv.fr\/index.php?rest_route=\/wp\/v2\/pages"}],"about":[{"href":"https:\/\/flash.zoliv.fr\/index.php?rest_route=\/wp\/v2\/types\/page"}],"author":[{"embeddable":true,"href":"https:\/\/flash.zoliv.fr\/index.php?rest_route=\/wp\/v2\/users\/1"}],"replies":[{"embeddable":true,"href":"https:\/\/flash.zoliv.fr\/index.php?rest_route=%2Fwp%2Fv2%2Fcomments&post=110"}],"version-history":[{"count":1,"href":"https:\/\/flash.zoliv.fr\/index.php?rest_route=\/wp\/v2\/pages\/110\/revisions"}],"predecessor-version":[{"id":387,"href":"https:\/\/flash.zoliv.fr\/index.php?rest_route=\/wp\/v2\/pages\/110\/revisions\/387"}],"wp:attachment":[{"href":"https:\/\/flash.zoliv.fr\/index.php?rest_route=%2Fwp%2Fv2%2Fmedia&parent=110"}],"curies":[{"name":"wp","href":"https:\/\/api.w.org\/{rel}","templated":true}]}}